{"id":52,"date":"2020-05-15T12:15:21","date_gmt":"2020-05-15T10:15:21","guid":{"rendered":"https:\/\/www.interplan.si\/?page_id=52"},"modified":"2023-05-18T20:48:43","modified_gmt":"2023-05-18T18:48:43","slug":"storitve","status":"publish","type":"page","link":"https:\/\/www.interplan.si\/en\/storitve\/","title":{"rendered":"Services"},"content":{"rendered":"<div data-colibri-id=\"52-c1\" class=\"style-1047 style-local-52-c1 position-relative\">\n  <!---->\n  <div data-colibri-component=\"section\" data-colibri-id=\"52-c2\" id=\"custom\" class=\"h-section h-section-global-spacing d-flex align-items-lg-center align-items-md-center align-items-center style-2015 style-local-52-c2 position-relative\">\n    <!---->\n    <!---->\n    <div class=\"h-section-grid-container h-section-boxed-container\">\n      <!---->\n      <div data-colibri-id=\"52-c3\" class=\"h-row-container gutters-row-lg-2 gutters-row-md-2 gutters-row-0 gutters-row-v-lg-2 gutters-row-v-md-2 gutters-row-v-2 style-2026 style-local-52-c3 position-relative\">\n        <!---->\n        <div class=\"h-row justify-content-lg-center justify-content-md-center justify-content-center align-items-lg-stretch align-items-md-stretch align-items-stretch gutters-col-lg-2 gutters-col-md-2 gutters-col-0 gutters-col-v-lg-2 gutters-col-v-md-2 gutters-col-v-2\">\n          <!---->\n          <div class=\"h-column h-column-container d-flex h-col-lg-auto h-col-md-auto h-col-auto style-2027-outer style-local-52-c4-outer\">\n            <div data-colibri-id=\"52-c4\" class=\"d-flex h-flex-basis h-column__inner h-px-lg-2 h-px-md-2 h-px-2 v-inner-lg-2 v-inner-md-2 v-inner-2 style-2027 style-local-52-c4 position-relative\">\n              <!---->\n              <!---->\n              <div class=\"w-100 h-y-container h-column__content h-column__v-align flex-basis-100 align-self-lg-start align-self-md-start align-self-start\">\n                <!---->\n                <div data-colibri-id=\"52-c5\" class=\"h-global-transition-all h-heading style-1066 style-local-52-c5 position-relative h-element\">\n                  <!---->\n                  <div class=\"h-heading__outer style-1066 style-local-52-c5\">\n                    <!---->\n                    <!---->\n                    <h2 class=\"\">Our services<\/h2>\n                  <\/div>\n                <\/div>\n                <div data-colibri-id=\"52-c6\" class=\"h-lead h-text h-text-component style-1067 style-local-52-c6 position-relative h-element\">\n                  <!---->\n                  <!---->\n                  <div class=\"\">\n                    <p>We take a holistic approach to working with our clients to provide the best services and solutions for your needs. We invite you to take a look at our offer and contact us for expert advice. Together we will find the most appropriate solution to fully meet your requirements and expectations.<\/p>\n                  <\/div>\n                <\/div>\n              <\/div>\n            <\/div>\n          <\/div>\n        <\/div>\n      <\/div>\n      <div data-colibri-id=\"52-c7\" class=\"h-row-container gutters-row-lg-2 gutters-row-md-2 gutters-row-0 gutters-row-v-lg-2 gutters-row-v-md-2 gutters-row-v-2 style-2016 style-local-52-c7 position-relative\">\n        <!---->\n        <div class=\"h-row justify-content-lg-center justify-content-md-center justify-content-center align-items-lg-stretch align-items-md-stretch align-items-stretch gutters-col-lg-2 gutters-col-md-2 gutters-col-0 gutters-col-v-lg-2 gutters-col-v-md-2 gutters-col-v-2\">\n          <!---->\n          <div class=\"h-column h-column-container d-flex h-col-lg-auto h-col-md-auto h-col-auto style-2017-outer style-local-52-c8-outer\">\n            <div data-colibri-id=\"52-c8\" class=\"d-flex h-flex-basis h-column__inner h-px-lg-2 h-px-md-2 h-px-2 v-inner-lg-2 v-inner-md-2 v-inner-2 style-2017 style-local-52-c8 position-relative\">\n              <!---->\n              <!---->\n              <div class=\"w-100 h-y-container h-column__content h-column__v-align flex-basis-100 align-self-lg-start align-self-md-start align-self-start\">\n                <!---->\n                <div data-colibri-id=\"52-c9\" class=\"d-block style-2021 style-local-52-c9 position-relative h-element\">\n                  <!---->\n                  <div class=\"h-image__frame-container-outer\">\n                    <div class=\"h-image__frame-container\">\n                      <!---->\n                      <!---->\n                      <img decoding=\"async\" loading=\"lazy\" width=\"919\" height=\"919\" src=\"https:\/\/www.interplan.si\/wp-content\/uploads\/cropped-cropped-Ritem_mladosti.jpg\" class=\"wp-image-5318 style-2021-image style-local-52-c9-image\" srcset=\"https:\/\/www.interplan.si\/wp-content\/uploads\/cropped-cropped-Ritem_mladosti.jpg 919w, https:\/\/www.interplan.si\/wp-content\/uploads\/cropped-cropped-Ritem_mladosti-300x300.jpg 300w, https:\/\/www.interplan.si\/wp-content\/uploads\/cropped-cropped-Ritem_mladosti-150x150.jpg 150w, https:\/\/www.interplan.si\/wp-content\/uploads\/cropped-cropped-Ritem_mladosti-768x768.jpg 768w, https:\/\/www.interplan.si\/wp-content\/uploads\/cropped-cropped-Ritem_mladosti-12x12.jpg 12w\" sizes=\"(max-width: 919px) 100vw, 919px\" alt=\"\" \/>\n                      <div class=\"h-image__frame h-hide-lg h-hide-md h-hide-sm style-2021-frameImage style-local-52-c9-frameImage\"><\/div>\n                    <\/div>\n                  <\/div>\n                <\/div>\n                <div data-colibri-id=\"52-c10\" class=\"h-global-transition-all h-heading style-2025 style-local-52-c10 position-relative h-element\">\n                  <!---->\n                  <div class=\"h-heading__outer style-2025 style-local-52-c10\">\n                    <!---->\n                    <!---->\n                    <h3 class=\"\">LED video screens<\/h3>\n                  <\/div>\n                <\/div>\n                <div data-colibri-id=\"52-c11\" class=\"h-text h-text-component style-2022 style-local-52-c11 position-relative h-element\">\n                  <!---->\n                  <!---->\n                  <div class=\"\">\n                    <p>Our range includes a wide selection of indoor and outdoor LED screens that can be tailored to your needs and preferences. We also provide transport, set-up and dismantling services, as well as expert technical support during throughout the event. We assemble the screens in the desired dimensions to perfectly match your event and space.<\/p>\n                  <\/div>\n                <\/div>\n                <div data-colibri-id=\"52-c12\" class=\"h-x-container style-2023 style-local-52-c12 position-relative h-element\">\n                  <!---->\n                  <div class=\"h-x-container-inner style-dynamic-52-c12-group style-2023-spacing style-local-52-c12-spacing\"><span class=\"h-button__outer style-2024-outer style-local-52-c13-outer d-inline-flex h-element\"><a h-use-smooth-scroll=\"true\" href=\"https:\/\/www.interplan.si\/en\/led-video-zasloni\/\"  data-colibri-id=\"52-c13\" class=\"d-flex w-100 align-items-center h-button justify-content-lg-center justify-content-md-center justify-content-center style-2024 style-local-52-c13 position-relative\"><!----><!----> <span>More...<\/span><\/a>\n                    <\/span>\n                  <\/div>\n                <\/div>\n              <\/div>\n            <\/div>\n          <\/div>\n          <div class=\"h-column h-column-container d-flex h-col-lg-auto h-col-md-auto h-col-auto style-2017-outer style-local-52-c14-outer\">\n            <div data-colibri-id=\"52-c14\" class=\"d-flex h-flex-basis h-column__inner h-px-lg-2 h-px-md-2 h-px-2 v-inner-lg-2 v-inner-md-2 v-inner-2 style-2017 style-local-52-c14 position-relative\">\n              <!---->\n              <!---->\n              <div class=\"w-100 h-y-container h-column__content h-column__v-align flex-basis-100 align-self-lg-start align-self-md-start align-self-start\">\n                <!---->\n                <div data-colibri-id=\"52-c15\" class=\"d-block style-2021 style-local-52-c15 position-relative h-element\">\n                  <!---->\n                  <div class=\"h-image__frame-container-outer\">\n                    <div class=\"h-image__frame-container\">\n                      <!---->\n                      <!---->\n                      <img decoding=\"async\" loading=\"lazy\" width=\"727\" height=\"727\" src=\"https:\/\/www.interplan.si\/wp-content\/uploads\/cropped-cropped-Sejem_postavitev_1-2_1280.png\" class=\"wp-image-5319 style-2021-image style-local-52-c15-image\" srcset=\"https:\/\/www.interplan.si\/wp-content\/uploads\/cropped-cropped-Sejem_postavitev_1-2_1280.png 727w, https:\/\/www.interplan.si\/wp-content\/uploads\/cropped-cropped-Sejem_postavitev_1-2_1280-300x300.png 300w, https:\/\/www.interplan.si\/wp-content\/uploads\/cropped-cropped-Sejem_postavitev_1-2_1280-150x150.png 150w, https:\/\/www.interplan.si\/wp-content\/uploads\/cropped-cropped-Sejem_postavitev_1-2_1280-12x12.png 12w\" sizes=\"(max-width: 727px) 100vw, 727px\" alt=\"\" \/>\n                      <div class=\"h-image__frame h-hide-lg h-hide-md h-hide-sm style-2021-frameImage style-local-52-c15-frameImage\"><\/div>\n                    <\/div>\n                  <\/div>\n                <\/div>\n                <div data-colibri-id=\"52-c16\" class=\"h-global-transition-all h-heading style-2025 style-local-52-c16 position-relative h-element\">\n                  <!---->\n                  <div class=\"h-heading__outer style-2025 style-local-52-c16\">\n                    <!---->\n                    <!---->\n                    <h3 class=\"\">Custom Exhibition Stands<\/h3>\n                  <\/div>\n                <\/div>\n                <div data-colibri-id=\"52-c17\" class=\"h-text h-text-component style-2022 style-local-52-c17 position-relative h-element\">\n                  <!---->\n                  <!---->\n                  <div class=\"\">\n                    <p>If your company participates in trade fairs, we are experts in the design and layout of exhibition stands. We have LED or LCD screens available to display animations of your products. And for conferences, we can set up a backdrop with built-in LED screen for PowerPoint presentations. For your VIP room, we can embed LED video screens in the walls, and we can also print the walls to your choice.<\/p>\n                  <\/div>\n                <\/div>\n                <div data-colibri-id=\"52-c18\" class=\"h-x-container style-2023 style-local-52-c18 position-relative h-element\">\n                  <!---->\n                  <div class=\"h-x-container-inner style-dynamic-52-c18-group style-2023-spacing style-local-52-c18-spacing\"><span class=\"h-button__outer style-2024-outer style-local-52-c19-outer d-inline-flex h-element\"><a h-use-smooth-scroll=\"true\" href=\"https:\/\/www.interplan.si\/en\/postavitev-razstavnih-prostororov\/\"  data-colibri-id=\"52-c19\" class=\"d-flex w-100 align-items-center h-button justify-content-lg-center justify-content-md-center justify-content-center style-2024 style-local-52-c19 position-relative\"><!----><!----> <span>More...<\/span><\/a>\n                    <\/span>\n                  <\/div>\n                <\/div>\n              <\/div>\n            <\/div>\n          <\/div>\n          <div class=\"h-column h-column-container d-flex h-col-lg-auto h-col-md-auto h-col-auto style-2017-outer style-local-52-c20-outer\">\n            <div data-colibri-id=\"52-c20\" class=\"d-flex h-flex-basis h-column__inner h-px-lg-2 h-px-md-2 h-px-2 v-inner-lg-2 v-inner-md-2 v-inner-2 style-2017 style-local-52-c20 position-relative\">\n              <!---->\n              <!---->\n              <div class=\"w-100 h-y-container h-column__content h-column__v-align flex-basis-100 align-self-lg-start align-self-md-start align-self-start\">\n                <!---->\n                <div data-colibri-id=\"52-c21\" class=\"d-block style-2021 style-local-52-c21 position-relative h-element\">\n                  <!---->\n                  <div class=\"h-image__frame-container-outer\">\n                    <div class=\"h-image__frame-container\">\n                      <!---->\n                      <!---->\n                      <img decoding=\"async\" loading=\"lazy\" width=\"1440\" height=\"1440\" src=\"https:\/\/www.interplan.si\/wp-content\/uploads\/cropped-Planica_Triglav_7-1-scaled-1.jpg\" class=\"wp-image-5320 style-2021-image style-local-52-c21-image\" srcset=\"https:\/\/www.interplan.si\/wp-content\/uploads\/cropped-Planica_Triglav_7-1-scaled-1.jpg 1440w, https:\/\/www.interplan.si\/wp-content\/uploads\/cropped-Planica_Triglav_7-1-scaled-1-300x300.jpg 300w, https:\/\/www.interplan.si\/wp-content\/uploads\/cropped-Planica_Triglav_7-1-scaled-1-1024x1024.jpg 1024w, https:\/\/www.interplan.si\/wp-content\/uploads\/cropped-Planica_Triglav_7-1-scaled-1-150x150.jpg 150w, https:\/\/www.interplan.si\/wp-content\/uploads\/cropped-Planica_Triglav_7-1-scaled-1-768x768.jpg 768w, https:\/\/www.interplan.si\/wp-content\/uploads\/cropped-Planica_Triglav_7-1-scaled-1-12x12.jpg 12w\" sizes=\"(max-width: 1440px) 100vw, 1440px\" alt=\"\" \/>\n                      <div class=\"h-image__frame h-hide-lg h-hide-md h-hide-sm style-2021-frameImage style-local-52-c21-frameImage\"><\/div>\n                    <\/div>\n                  <\/div>\n                <\/div>\n                <div data-colibri-id=\"52-c22\" class=\"h-global-transition-all h-heading style-2025 style-local-52-c22 position-relative h-element\">\n                  <!---->\n                  <div class=\"h-heading__outer style-2025 style-local-52-c22\">\n                    <!---->\n                    <!---->\n                    <h3 class=\"\">Organisation of events<\/h3>\n                  <\/div>\n                <\/div>\n                <div data-colibri-id=\"52-c23\" class=\"h-text h-text-component style-2022 style-local-52-c23 position-relative h-element\">\n                  <!---->\n                  <!---->\n                  <div class=\"\">\n                    <p>If you're looking for experts in organising public events and private parties, we're the right place for you. Our team can boast of organising one of the biggest events in Slovenia - the Argonaut Days and the Night in Vrhnika. Leave it to us the organisation of your event and we will take care of the perfect execution.<\/p>\n                  <\/div>\n                <\/div>\n                <div data-colibri-id=\"52-c24\" class=\"h-x-container style-2023 style-local-52-c24 position-relative h-element\">\n                  <!---->\n                  <div class=\"h-x-container-inner style-dynamic-52-c24-group style-2023-spacing style-local-52-c24-spacing\"><span class=\"h-button__outer style-2024-outer style-local-52-c25-outer d-inline-flex h-element\"><a h-use-smooth-scroll=\"true\" href=\"https:\/\/www.interplan.si\/en\/organizacija-prireditev-in-dogodkov\/\"  data-colibri-id=\"52-c25\" class=\"d-flex w-100 align-items-center h-button justify-content-lg-center justify-content-md-center justify-content-center style-2024 style-local-52-c25 position-relative\"><!----><!----> <span>More...<\/span><\/a>\n                    <\/span>\n                  <\/div>\n                <\/div>\n              <\/div>\n            <\/div>\n          <\/div>\n          <div class=\"h-column h-column-container d-flex h-col-lg-auto h-col-md-auto h-col-auto style-2018-outer style-local-52-c26-outer\">\n            <div data-colibri-id=\"52-c26\" class=\"d-flex h-flex-basis h-column__inner h-ui-empty-state-container h-px-lg-2 h-px-md-2 h-px-2 v-inner-lg-2 v-inner-md-2 v-inner-2 style-2018 style-local-52-c26 position-relative\">\n              <!---->\n              <!---->\n              <div class=\"w-100 h-y-container h-column__content h-column__v-align flex-basis-100\">\n                <!---->\n              <\/div>\n            <\/div>\n          <\/div>\n          <div class=\"h-column h-column-container d-flex h-col-lg-auto h-col-md-auto h-col-auto style-2019-outer style-local-52-c27-outer\">\n            <div data-colibri-id=\"52-c27\" class=\"d-flex h-flex-basis h-column__inner h-ui-empty-state-container h-px-lg-2 h-px-md-2 h-px-2 v-inner-lg-2 v-inner-md-2 v-inner-2 style-2019 style-local-52-c27 position-relative\">\n              <!---->\n              <!---->\n              <div class=\"w-100 h-y-container h-column__content h-column__v-align flex-basis-100\">\n                <!---->\n              <\/div>\n            <\/div>\n          <\/div>\n        <\/div>\n      <\/div>\n    <\/div>\n  <\/div>\n<\/div>","protected":false},"excerpt":{"rendered":"<p>Na\u0161e storitve Pri na\u0161em delu s strankami se osredoto\u010damo na celovit pristop, saj \u017eelimo zagotoviti najbolj\u0161e storitve in re\u0161itve za va\u0161e potrebe. Vabimo vas, da si ogledate na\u0161o ponudbo in nas kontaktirate za strokovno svetovanje. Skupaj bomo na\u0161li najprimernej\u0161o re\u0161itev, ki bo v celoti ustrezala va\u0161im zahtevam in pri\u010dakovanjem. LED video zasloni Na\u0161a ponudba vklju\u010duje [&hellip;]<\/p>","protected":false},"author":1,"featured_media":0,"parent":0,"menu_order":0,"comment_status":"closed","ping_status":"closed","template":"page-templates\/full-width-page.php","meta":{"om_disable_all_campaigns":false,"_mi_skip_tracking":false,"_monsterinsights_sitenote_active":false,"_monsterinsights_sitenote_note":"","_monsterinsights_sitenote_category":0,"ngg_post_thumbnail":0},"aioseo_notices":[],"_links":{"self":[{"href":"https:\/\/www.interplan.si\/en\/wp-json\/wp\/v2\/pages\/52"}],"collection":[{"href":"https:\/\/www.interplan.si\/en\/wp-json\/wp\/v2\/pages"}],"about":[{"href":"https:\/\/www.interplan.si\/en\/wp-json\/wp\/v2\/types\/page"}],"author":[{"embeddable":true,"href":"https:\/\/www.interplan.si\/en\/wp-json\/wp\/v2\/users\/1"}],"replies":[{"embeddable":true,"href":"https:\/\/www.interplan.si\/en\/wp-json\/wp\/v2\/comments?post=52"}],"version-history":[{"count":20,"href":"https:\/\/www.interplan.si\/en\/wp-json\/wp\/v2\/pages\/52\/revisions"}],"predecessor-version":[{"id":5494,"href":"https:\/\/www.interplan.si\/en\/wp-json\/wp\/v2\/pages\/52\/revisions\/5494"}],"wp:attachment":[{"href":"https:\/\/www.interplan.si\/en\/wp-json\/wp\/v2\/media?parent=52"}],"curies":[{"name":"wp","href":"https:\/\/api.w.org\/{rel}","templated":true}]}}